{"id":1644,"date":"2017-04-07T22:07:46","date_gmt":"2017-04-07T19:07:46","guid":{"rendered":"http:\/\/rulekip.com.tr\/?page_id=1644"},"modified":"2017-04-07T22:07:46","modified_gmt":"2017-04-07T19:07:46","slug":"misyon-vizyon","status":"publish","type":"page","link":"https:\/\/rulekip.com.tr\/index.php\/misyon-vizyon\/","title":{"rendered":"M\u0130SYON V\u0130ZYON"},"content":{"rendered":"<p>Misyonumuz<\/p>\n<div><\/div>\n<div>Konusunda Global de\u011ferler ve e\u011fitime sahip, teknolojiyi ve NSK markas\u0131n\u0131 yan\u0131na alarak,\u00a0sanayi ve otomotiv i\u015fletmeleri ile birlikte gelece\u011fe y\u00fcr\u00fcyen, bilgi birikimini sizlerle payla\u015fan bir kurum olmak i\u00e7in gereken her uygulamay\u0131 yapmak.<\/div>\n<div><\/div>\n<div>Vizyonumuz<\/div>\n<div><\/div>\n<div>Tedarik\u00e7iniz olmaktan gurur duyulan, sanayi ve otomotiv rulmanlar\u0131 konusunda \u00f6nc\u00fc ve sayg\u0131n bir kurum olmak.<\/div>\n","protected":false},"excerpt":{"rendered":"<p>Misyonumuz Konusunda Global de\u011ferler ve e\u011fitime sahip, teknolojiyi ve NSK markas\u0131n\u0131 yan\u0131na alarak,\u00a0sanayi ve otomotiv i\u015fletmeleri ile birlikte gelece\u011fe y\u00fcr\u00fcyen, bilgi birikimini sizlerle payla\u015fan bir kurum olmak i\u00e7in gereken her uygulamay\u0131 yapmak. Vizyonumuz Tedarik\u00e7iniz olmaktan gurur duyulan, sanayi ve otomotiv rulmanlar\u0131 konusunda \u00f6nc\u00fc ve sayg\u0131n bir kurum olmak.<\/p>\n","protected":false},"author":5,"featured_media":0,"parent":0,"menu_order":0,"comment_status":"closed","ping_status":"closed","template":"","meta":[],"_links":{"self":[{"href":"https:\/\/rulekip.com.tr\/index.php\/wp-json\/wp\/v2\/pages\/1644"}],"collection":[{"href":"https:\/\/rulekip.com.tr\/index.php\/wp-json\/wp\/v2\/pages"}],"about":[{"href":"https:\/\/rulekip.com.tr\/index.php\/wp-json\/wp\/v2\/types\/page"}],"author":[{"embeddable":true,"href":"https:\/\/rulekip.com.tr\/index.php\/wp-json\/wp\/v2\/users\/5"}],"replies":[{"embeddable":true,"href":"https:\/\/rulekip.com.tr\/index.php\/wp-json\/wp\/v2\/comments?post=1644"}],"version-history":[{"count":1,"href":"https:\/\/rulekip.com.tr\/index.php\/wp-json\/wp\/v2\/pages\/1644\/revisions"}],"predecessor-version":[{"id":1645,"href":"https:\/\/rulekip.com.tr\/index.php\/wp-json\/wp\/v2\/pages\/1644\/revisions\/1645"}],"wp:attachment":[{"href":"https:\/\/rulekip.com.tr\/index.php\/wp-json\/wp\/v2\/media?parent=1644"}],"curies":[{"name":"wp","href":"https:\/\/api.w.org\/{rel}","templated":true}]}}