{"id":1660,"date":"2017-04-07T23:33:11","date_gmt":"2017-04-07T20:33:11","guid":{"rendered":"http:\/\/rulekip.com.tr\/?page_id=1660"},"modified":"2017-04-09T21:18:21","modified_gmt":"2017-04-09T18:18:21","slug":"dokumanlar","status":"publish","type":"page","link":"https:\/\/rulekip.com.tr\/index.php\/dokumanlar\/","title":{"rendered":"D\u00f6k\u00fcmanlar"},"content":{"rendered":"<p>[vc_row][vc_column][vc_custom_heading text=&#8221;Kataloglar &#8221; font_container=&#8221;tag:h5|text_align:left&#8221; google_fonts=&#8221;font_family:Open%20Sans%3A300%2C300italic%2Cregular%2Citalic%2C600%2C600italic%2C700%2C700italic%2C800%2C800italic|font_style:600%20bold%20italic%3A600%3Aitalic&#8221; font_weight=&#8221;400&#8243; text_transform=&#8221;none&#8221; sub_heading_character_color=&#8221;rgba(0,0,0,0.4)&#8221;][vc_row_inner][vc_column_inner width=&#8221;1\/4&#8243;][vc_btn title=&#8221;Bilyal\u0131 Rulman \u00dcniteleri &#8221; color=&#8221;primary&#8221; link=&#8221;url:http%3A%2F%2Frulekip.com.tr%2Fkatalog%2Fbilyali_rulman_uniteleri.pdf||target:%20_blank|&#8221;][\/vc_column_inner][vc_column_inner width=&#8221;1\/4&#8243;][vc_btn title=&#8221;E\u011fik Bilyal\u0131 Rulmanlar &#8221; color=&#8221;primary&#8221; link=&#8221;url:http%3A%2F%2Frulekip.com.tr%2Fkatalog%2Fegik_bilyali_rulmanlar.pdf||target:%20_blank|&#8221;][\/vc_column_inner][vc_column_inner width=&#8221;1\/4&#8243;][vc_btn title=&#8221;Eksenel Rulmanlar &#8221; color=&#8221;primary&#8221; link=&#8221;url:http%3A%2F%2Frulekip.com.tr%2Fkatalog%2Fegik_bilyali_rulmanlar.pdf||target:%20_blank|&#8221;][\/vc_column_inner][vc_column_inner width=&#8221;1\/4&#8243;][vc_btn title=&#8221;\u0130\u011fneli Rulmanlar &#8221; color=&#8221;primary&#8221; link=&#8221;url:http%3A%2F%2Frulekip.com.tr%2Fkatalog%2Fegik_bilyali_rulmanlar.pdf||target:%20_blank|&#8221;][\/vc_column_inner][\/vc_row_inner][vc_row_inner][vc_column_inner width=&#8221;1\/4&#8243;][vc_btn title=&#8221;K1 Ya\u011flama \u00dcnitesi &#8221; color=&#8221;primary&#8221; link=&#8221;url:http%3A%2F%2Frulekip.com.tr%2Fkatalog%2Fbilyali_rulman_uniteleri.pdf||target:%20_blank|&#8221;][\/vc_column_inner][vc_column_inner width=&#8221;1\/4&#8243;][vc_btn title=&#8221;Konik Makaral\u0131 Rulmanlar &#8221; color=&#8221;primary&#8221; link=&#8221;url:http%3A%2F%2Frulekip.com.tr%2Fkatalog%2Fbilyali_rulman_uniteleri.pdf||target:%20_blank|&#8221;][\/vc_column_inner][vc_column_inner width=&#8221;1\/4&#8243;][vc_btn title=&#8221;Lineer K\u0131lavuzlar &#8221; color=&#8221;primary&#8221; link=&#8221;url:http%3A%2F%2Frulekip.com.tr%2Fkatalog%2Fbilyali_rulman_uniteleri.pdf||target:%20_blank|&#8221;][\/vc_column_inner][vc_column_inner width=&#8221;1\/4&#8243;][vc_btn title=&#8221;Monocarrier &#8221; color=&#8221;primary&#8221; link=&#8221;url:http%3A%2F%2Frulekip.com.tr%2Fkatalog%2Fbilyali_rulman_uniteleri.pdf||target:%20_blank|&#8221;][\/vc_column_inner][\/vc_row_inner][vc_row_inner][vc_column_inner width=&#8221;1\/4&#8243;][vc_btn title=&#8221;Otomotiv \u00fcr\u00fcnleri-G\u00fc\u00e7 Aktar\u0131m\u0131 &#8221; color=&#8221;primary&#8221; link=&#8221;url:http%3A%2F%2Frulekip.com.tr%2Fkatalog%2Fbilyali_rulman_uniteleri.pdf||target:%20_blank|&#8221;][\/vc_column_inner][vc_column_inner width=&#8221;1\/4&#8243;][vc_btn title=&#8221;Otomotiv \u00fcr\u00fcnleri-G\u00fc\u00e7 Aktarma &#8221; color=&#8221;primary&#8221; link=&#8221;url:http%3A%2F%2Frulekip.com.tr%2Fkatalog%2Fbilyali_rulman_uniteleri.pdf||target:%20_blank|&#8221;][\/vc_column_inner][vc_column_inner width=&#8221;1\/4&#8243;][vc_btn title=&#8221;Otomotiv \u00fcr\u00fcnleri-\u015easi &#8221; color=&#8221;primary&#8221; link=&#8221;url:http%3A%2F%2Frulekip.com.tr%2Fkatalog%2Fbilyali_rulman_uniteleri.pdf||target:%20_blank|&#8221;][\/vc_column_inner][vc_column_inner width=&#8221;1\/4&#8243;][vc_btn title=&#8221;Oynak Bilyal\u0131 Rulmanlar &#8221; color=&#8221;primary&#8221; link=&#8221;url:http%3A%2F%2Frulekip.com.tr%2Fkatalog%2Fbilyali_rulman_uniteleri.pdf||target:%20_blank|&#8221;][\/vc_column_inner][\/vc_row_inner][vc_row_inner][vc_column_inner width=&#8221;1\/4&#8243;][vc_btn title=&#8221;Oynak Makaral\u0131 Rulmanlar &#8221; color=&#8221;primary&#8221; link=&#8221;url:http%3A%2F%2Frulekip.com.tr%2Fkatalog%2Fbilyali_rulman_uniteleri.pdf||target:%20_blank|&#8221;][vc_btn title=&#8221;Standart Vidal\u0131 Miller Y\u00fcksek H\u0131z ve A\u011f\u0131r Y\u00fck Kapasiteli Vidal\u0131 Miller &#8221; color=&#8221;primary&#8221; link=&#8221;url:http%3A%2F%2Frulekip.com.tr%2Fkatalog%2Fbilyali_rulman_uniteleri.pdf||target:%20_blank|&#8221;][\/vc_column_inner][vc_column_inner width=&#8221;1\/4&#8243;][vc_btn title=&#8221;Rulman Aksesuarlar\u0131 &#8211; Man\u015fonlar &#8221; color=&#8221;primary&#8221; link=&#8221;url:http%3A%2F%2Frulekip.com.tr%2Fkatalog%2Fbilyali_rulman_uniteleri.pdf||target:%20_blank|&#8221;][vc_btn title=&#8221;Y\u00fcksek H\u0131z ve D\u00fc\u015f\u00fck Sesli Vidal\u0131 Miller&#8221; color=&#8221;primary&#8221; link=&#8221;url:http%3A%2F%2Frulekip.com.tr%2Fkatalog%2Fbilyali_rulman_uniteleri.pdf||target:%20_blank|&#8221;][\/vc_column_inner][vc_column_inner width=&#8221;1\/4&#8243;][vc_btn title=&#8221;Rulman Yataklar\u0131 Sabit Bilyal\u0131 Rulmanlar &#8221; color=&#8221;primary&#8221; link=&#8221;url:http%3A%2F%2Frulekip.com.tr%2Fkatalog%2Fbilyali_rulman_uniteleri.pdf||target:%20_blank|&#8221;][\/vc_column_inner][vc_column_inner width=&#8221;1\/4&#8243;][vc_btn title=&#8221;Silindirik Makaral\u0131 Rulmanlar &#8221; color=&#8221;primary&#8221; link=&#8221;url:http%3A%2F%2Frulekip.com.tr%2Fkatalog%2Fbilyali_rulman_uniteleri.pdf||target:%20_blank|&#8221;][\/vc_column_inner][\/vc_row_inner][\/vc_column][\/vc_row]<\/p>\n","protected":false},"excerpt":{"rendered":"<p>[vc_row][vc_column][vc_custom_heading text=&#8221;Kataloglar &#8221; font_container=&#8221;tag:h5|text_align:left&#8221; google_fonts=&#8221;font_family:Open%20Sans%3A300%2C300italic%2Cregular%2Citalic%2C600%2C600italic%2C700%2C700italic%2C800%2C800italic|font_style:600%20bold%20italic%3A600%3Aitalic&#8221; font_weight=&#8221;400&#8243; text_transform=&#8221;none&#8221; sub_heading_character_color=&#8221;rgba(0,0,0,0.4)&#8221;][vc_row_inner][vc_column_inner width=&#8221;1\/4&#8243;][vc_btn title=&#8221;Bilyal\u0131 Rulman \u00dcniteleri &#8221; color=&#8221;primary&#8221; link=&#8221;url:http%3A%2F%2Frulekip.com.tr%2Fkatalog%2Fbilyali_rulman_uniteleri.pdf||target:%20_blank|&#8221;][\/vc_column_inner][vc_column_inner width=&#8221;1\/4&#8243;][vc_btn title=&#8221;E\u011fik Bilyal\u0131 Rulmanlar &#8221; color=&#8221;primary&#8221; link=&#8221;url:http%3A%2F%2Frulekip.com.tr%2Fkatalog%2Fegik_bilyali_rulmanlar.pdf||target:%20_blank|&#8221;][\/vc_column_inner][vc_column_inner width=&#8221;1\/4&#8243;][vc_btn title=&#8221;Eksenel Rulmanlar &#8221; color=&#8221;primary&#8221; link=&#8221;url:http%3A%2F%2Frulekip.com.tr%2Fkatalog%2Fegik_bilyali_rulmanlar.pdf||target:%20_blank|&#8221;][\/vc_column_inner][vc_column_inner width=&#8221;1\/4&#8243;][vc_btn title=&#8221;\u0130\u011fneli Rulmanlar &#8221; color=&#8221;primary&#8221; link=&#8221;url:http%3A%2F%2Frulekip.com.tr%2Fkatalog%2Fegik_bilyali_rulmanlar.pdf||target:%20_blank|&#8221;][\/vc_column_inner][\/vc_row_inner][vc_row_inner][vc_column_inner width=&#8221;1\/4&#8243;][vc_btn title=&#8221;K1 Ya\u011flama \u00dcnitesi &#8221; color=&#8221;primary&#8221; link=&#8221;url:http%3A%2F%2Frulekip.com.tr%2Fkatalog%2Fbilyali_rulman_uniteleri.pdf||target:%20_blank|&#8221;][\/vc_column_inner][vc_column_inner width=&#8221;1\/4&#8243;][vc_btn title=&#8221;Konik Makaral\u0131 Rulmanlar &#8221; color=&#8221;primary&#8221; link=&#8221;url:http%3A%2F%2Frulekip.com.tr%2Fkatalog%2Fbilyali_rulman_uniteleri.pdf||target:%20_blank|&#8221;][\/vc_column_inner][vc_column_inner width=&#8221;1\/4&#8243;][vc_btn title=&#8221;Lineer K\u0131lavuzlar &#8221; color=&#8221;primary&#8221; link=&#8221;url:http%3A%2F%2Frulekip.com.tr%2Fkatalog%2Fbilyali_rulman_uniteleri.pdf||target:%20_blank|&#8221;][\/vc_column_inner][vc_column_inner width=&#8221;1\/4&#8243;][vc_btn title=&#8221;Monocarrier &#8221; color=&#8221;primary&#8221; link=&#8221;url:http%3A%2F%2Frulekip.com.tr%2Fkatalog%2Fbilyali_rulman_uniteleri.pdf||target:%20_blank|&#8221;][\/vc_column_inner][\/vc_row_inner][vc_row_inner][vc_column_inner width=&#8221;1\/4&#8243;][vc_btn title=&#8221;Otomotiv \u00fcr\u00fcnleri-G\u00fc\u00e7 Aktar\u0131m\u0131 &#8221; color=&#8221;primary&#8221; link=&#8221;url:http%3A%2F%2Frulekip.com.tr%2Fkatalog%2Fbilyali_rulman_uniteleri.pdf||target:%20_blank|&#8221;][\/vc_column_inner][vc_column_inner width=&#8221;1\/4&#8243;][vc_btn title=&#8221;Otomotiv \u00fcr\u00fcnleri-G\u00fc\u00e7 Aktarma &#8221; color=&#8221;primary&#8221; link=&#8221;url:http%3A%2F%2Frulekip.com.tr%2Fkatalog%2Fbilyali_rulman_uniteleri.pdf||target:%20_blank|&#8221;][\/vc_column_inner][vc_column_inner width=&#8221;1\/4&#8243;][vc_btn title=&#8221;Otomotiv \u00fcr\u00fcnleri-\u015easi &#8221; color=&#8221;primary&#8221; link=&#8221;url:http%3A%2F%2Frulekip.com.tr%2Fkatalog%2Fbilyali_rulman_uniteleri.pdf||target:%20_blank|&#8221;][\/vc_column_inner][vc_column_inner width=&#8221;1\/4&#8243;][vc_btn title=&#8221;Oynak Bilyal\u0131 Rulmanlar &#8221; color=&#8221;primary&#8221; link=&#8221;url:http%3A%2F%2Frulekip.com.tr%2Fkatalog%2Fbilyali_rulman_uniteleri.pdf||target:%20_blank|&#8221;][\/vc_column_inner][\/vc_row_inner][vc_row_inner][vc_column_inner width=&#8221;1\/4&#8243;][vc_btn title=&#8221;Oynak Makaral\u0131 Rulmanlar &#8221; color=&#8221;primary&#8221; link=&#8221;url:http%3A%2F%2Frulekip.com.tr%2Fkatalog%2Fbilyali_rulman_uniteleri.pdf||target:%20_blank|&#8221;][vc_btn title=&#8221;Standart Vidal\u0131 Miller Y\u00fcksek H\u0131z ve A\u011f\u0131r Y\u00fck Kapasiteli Vidal\u0131 Miller &#8221; color=&#8221;primary&#8221; link=&#8221;url:http%3A%2F%2Frulekip.com.tr%2Fkatalog%2Fbilyali_rulman_uniteleri.pdf||target:%20_blank|&#8221;][\/vc_column_inner][vc_column_inner width=&#8221;1\/4&#8243;][vc_btn title=&#8221;Rulman Aksesuarlar\u0131 &#8211; Man\u015fonlar &#8221; color=&#8221;primary&#8221; link=&#8221;url:http%3A%2F%2Frulekip.com.tr%2Fkatalog%2Fbilyali_rulman_uniteleri.pdf||target:%20_blank|&#8221;][vc_btn title=&#8221;Y\u00fcksek H\u0131z ve D\u00fc\u015f\u00fck Sesli Vidal\u0131 Miller&#8221; color=&#8221;primary&#8221; link=&#8221;url:http%3A%2F%2Frulekip.com.tr%2Fkatalog%2Fbilyali_rulman_uniteleri.pdf||target:%20_blank|&#8221;][\/vc_column_inner][vc_column_inner width=&#8221;1\/4&#8243;][vc_btn title=&#8221;Rulman Yataklar\u0131 Sabit Bilyal\u0131 Rulmanlar &#8221; color=&#8221;primary&#8221; link=&#8221;url:http%3A%2F%2Frulekip.com.tr%2Fkatalog%2Fbilyali_rulman_uniteleri.pdf||target:%20_blank|&#8221;][\/vc_column_inner][vc_column_inner width=&#8221;1\/4&#8243;][vc_btn title=&#8221;Silindirik Makaral\u0131 Rulmanlar &#8221; color=&#8221;primary&#8221; link=&#8221;url:http%3A%2F%2Frulekip.com.tr%2Fkatalog%2Fbilyali_rulman_uniteleri.pdf||target:%20_blank|&#8221;][\/vc_column_inner][\/vc_row_inner][\/vc_column][\/vc_row]<\/p>\n","protected":false},"author":5,"featured_media":0,"parent":0,"menu_order":0,"comment_status":"closed","ping_status":"closed","template":"","meta":[],"_links":{"self":[{"href":"https:\/\/rulekip.com.tr\/index.php\/wp-json\/wp\/v2\/pages\/1660"}],"collection":[{"href":"https:\/\/rulekip.com.tr\/index.php\/wp-json\/wp\/v2\/pages"}],"about":[{"href":"https:\/\/rulekip.com.tr\/index.php\/wp-json\/wp\/v2\/types\/page"}],"author":[{"embeddable":true,"href":"https:\/\/rulekip.com.tr\/index.php\/wp-json\/wp\/v2\/users\/5"}],"replies":[{"embeddable":true,"href":"https:\/\/rulekip.com.tr\/index.php\/wp-json\/wp\/v2\/comments?post=1660"}],"version-history":[{"count":5,"href":"https:\/\/rulekip.com.tr\/index.php\/wp-json\/wp\/v2\/pages\/1660\/revisions"}],"predecessor-version":[{"id":1733,"href":"https:\/\/rulekip.com.tr\/index.php\/wp-json\/wp\/v2\/pages\/1660\/revisions\/1733"}],"wp:attachment":[{"href":"https:\/\/rulekip.com.tr\/index.php\/wp-json\/wp\/v2\/media?parent=1660"}],"curies":[{"name":"wp","href":"https:\/\/api.w.org\/{rel}","templated":true}]}}