{"id":1771,"date":"2017-05-11T20:09:46","date_gmt":"2017-05-11T17:09:46","guid":{"rendered":"http:\/\/rulekip.com.tr\/?page_id=1771"},"modified":"2017-05-15T21:11:57","modified_gmt":"2017-05-15T18:11:57","slug":"gates-kayislari","status":"publish","type":"page","link":"https:\/\/rulekip.com.tr\/index.php\/gates-kayislari\/","title":{"rendered":"GATES Kay\u0131\u015flar\u0131"},"content":{"rendered":"<p>[vc_row][vc_column width=&#8221;1\/4&#8243;][vc_widget_sidebar sidebar_id=&#8221;rulman-\u00fcr\u00fcnlerimiz&#8221;][\/vc_column][vc_column width=&#8221;3\/4&#8243;][saturnthemes_industry_services_grid per_row=&#8221;4&#8243; taxonomies=&#8221;gates&#8221;][\/vc_column][\/vc_row]<\/p>\n","protected":false},"excerpt":{"rendered":"<p>[vc_row][vc_column width=&#8221;1\/4&#8243;][vc_widget_sidebar sidebar_id=&#8221;rulman-\u00fcr\u00fcnlerimiz&#8221;][\/vc_column][vc_column width=&#8221;3\/4&#8243;][saturnthemes_industry_services_grid per_row=&#8221;4&#8243; taxonomies=&#8221;gates&#8221;][\/vc_column][\/vc_row]<\/p>\n","protected":false},"author":5,"featured_media":0,"parent":0,"menu_order":0,"comment_status":"closed","ping_status":"closed","template":"","meta":[],"_links":{"self":[{"href":"https:\/\/rulekip.com.tr\/index.php\/wp-json\/wp\/v2\/pages\/1771"}],"collection":[{"href":"https:\/\/rulekip.com.tr\/index.php\/wp-json\/wp\/v2\/pages"}],"about":[{"href":"https:\/\/rulekip.com.tr\/index.php\/wp-json\/wp\/v2\/types\/page"}],"author":[{"embeddable":true,"href":"https:\/\/rulekip.com.tr\/index.php\/wp-json\/wp\/v2\/users\/5"}],"replies":[{"embeddable":true,"href":"https:\/\/rulekip.com.tr\/index.php\/wp-json\/wp\/v2\/comments?post=1771"}],"version-history":[{"count":3,"href":"https:\/\/rulekip.com.tr\/index.php\/wp-json\/wp\/v2\/pages\/1771\/revisions"}],"predecessor-version":[{"id":2009,"href":"https:\/\/rulekip.com.tr\/index.php\/wp-json\/wp\/v2\/pages\/1771\/revisions\/2009"}],"wp:attachment":[{"href":"https:\/\/rulekip.com.tr\/index.php\/wp-json\/wp\/v2\/media?parent=1771"}],"curies":[{"name":"wp","href":"https:\/\/api.w.org\/{rel}","templated":true}]}}