{"id":1971,"date":"2017-05-15T20:15:55","date_gmt":"2017-05-15T17:15:55","guid":{"rendered":"http:\/\/rulekip.com.tr\/?page_id=1971"},"modified":"2017-05-15T21:15:10","modified_gmt":"2017-05-15T18:15:10","slug":"wasserfall-oto-bakim-urunleri","status":"publish","type":"page","link":"https:\/\/rulekip.com.tr\/index.php\/wasserfall-oto-bakim-urunleri\/","title":{"rendered":"WASSERFALL Oto Bak\u0131m \u00dcr\u00fcnleri"},"content":{"rendered":"<p>[vc_row][vc_column width=&#8221;1\/4&#8243;][vc_widget_sidebar sidebar_id=&#8221;rulman-\u00fcr\u00fcnlerimiz&#8221;][\/vc_column][vc_column width=&#8221;3\/4&#8243;][saturnthemes_industry_services_grid per_row=&#8221;4&#8243; taxonomies=&#8221;wasserfall-oto-bakim&#8221;][\/vc_column][\/vc_row]<\/p>\n","protected":false},"excerpt":{"rendered":"<p>[vc_row][vc_column width=&#8221;1\/4&#8243;][vc_widget_sidebar sidebar_id=&#8221;rulman-\u00fcr\u00fcnlerimiz&#8221;][\/vc_column][vc_column width=&#8221;3\/4&#8243;][saturnthemes_industry_services_grid per_row=&#8221;4&#8243; taxonomies=&#8221;wasserfall-oto-bakim&#8221;][\/vc_column][\/vc_row]<\/p>\n","protected":false},"author":5,"featured_media":0,"parent":0,"menu_order":0,"comment_status":"closed","ping_status":"closed","template":"","meta":[],"_links":{"self":[{"href":"https:\/\/rulekip.com.tr\/index.php\/wp-json\/wp\/v2\/pages\/1971"}],"collection":[{"href":"https:\/\/rulekip.com.tr\/index.php\/wp-json\/wp\/v2\/pages"}],"about":[{"href":"https:\/\/rulekip.com.tr\/index.php\/wp-json\/wp\/v2\/types\/page"}],"author":[{"embeddable":true,"href":"https:\/\/rulekip.com.tr\/index.php\/wp-json\/wp\/v2\/users\/5"}],"replies":[{"embeddable":true,"href":"https:\/\/rulekip.com.tr\/index.php\/wp-json\/wp\/v2\/comments?post=1971"}],"version-history":[{"count":2,"href":"https:\/\/rulekip.com.tr\/index.php\/wp-json\/wp\/v2\/pages\/1971\/revisions"}],"predecessor-version":[{"id":2014,"href":"https:\/\/rulekip.com.tr\/index.php\/wp-json\/wp\/v2\/pages\/1971\/revisions\/2014"}],"wp:attachment":[{"href":"https:\/\/rulekip.com.tr\/index.php\/wp-json\/wp\/v2\/media?parent=1971"}],"curies":[{"name":"wp","href":"https:\/\/api.w.org\/{rel}","templated":true}]}}