{"id":830,"date":"2016-04-25T16:23:01","date_gmt":"2016-04-25T16:23:01","guid":{"rendered":"http:\/\/industry.saturnthemes.com\/?page_id=830"},"modified":"2017-04-09T21:19:57","modified_gmt":"2017-04-09T18:19:57","slug":"kurumsal","status":"publish","type":"page","link":"https:\/\/rulekip.com.tr\/index.php\/kurumsal\/","title":{"rendered":"Kurumsal"},"content":{"rendered":"<p>[vc_row css=&#8221;.vc_custom_1461605744568{margin-bottom: 80px !important;}&#8221;][vc_column width=&#8221;1\/2&#8243;][vc_single_image image=&#8221;1602&#8243; img_size=&#8221;full&#8221; alignment=&#8221;center&#8221; css_animation=&#8221;left-to-right&#8221; css=&#8221;.vc_custom_1491761376251{margin-bottom: 0px !important;}&#8221;][\/vc_column][vc_column width=&#8221;1\/2&#8243;][vc_custom_heading text=&#8221;Hakk\u0131m\u0131zda&#8221; font_container=&#8221;tag:h2|font_size:30px|text_align:left&#8221; use_theme_fonts=&#8221;yes&#8221; font_weight=&#8221;700&#8243; text_transform=&#8221;uppercase&#8221; sub_heading_character_color=&#8221;rgba(0,0,0,0.4)&#8221;][vc_empty_space height=&#8221;10px&#8221;][vc_column_text]<\/p>\n<div align=\"left\">Rulekip 2007 \u015fubat ay\u0131n da NSK markas\u0131 ile yola \u00e7\u0131km\u0131\u015f ve\u00a0kalitesi ile birlikte g\u00fcn\u00fcm\u00fcze kadar \u00a0b\u00fcy\u00fcyerek ula\u015fm\u0131\u015ft\u0131r. \u015eirketimiz NSK rulmanlar\u0131n\u0131n yan\u0131 s\u0131ra di\u011fer marka rulmanlar ve b\u00fct\u00fcn aktarma organlar\u0131n\u0131n tedari\u011fini sa\u011flamaktad\u0131r.<\/div>\n<p align=\"left\">NSK m\u00fchendislerinin deste\u011fi ile birlikte fabrikalarda rulmanlar ile ya\u015fanan t\u00fcm sorunlar\u0131n\u0131za \u00e7\u00f6z\u00fcm getirebilece\u011fimiz gibi proje deste\u011fi de sa\u011flamaktay\u0131z.<\/p>\n<p align=\"left\">Uzun y\u0131llar birlikte ortak \u00e7al\u0131\u015fmak \u00fcmidi ile sayg\u0131lar\u0131m\u0131z\u0131 sunar\u0131z&#8230;<\/p>\n<p align=\"left\">\u00a0 \u00a0 \u00a0 \u00a0 \u00a0 \u00a0 \u00a0 \u00a0 \u00a0 \u00a0 \u00a0 \u00a0 \u00a0 \u00a0 \u00a0 \u00a0 \u00a0 \u00a0 \u00a0 \u00a0 \u00a0 \u00a0 \u00a0 \u00a0 \u00a0 \u00a0 \u00a0 \u00a0 \u00a0 \u00a0 \u00a0 \u00a0 \u00a0 \u00a0 \u00a0 \u00a0 \u00a0 \u00a0 \u00a0 \u00a0 \u00a0 \u00a0 \u00a0 \u00a0 \u00a0 \u00a0 \u00a0 \u00a0 \u00a0 \u00a0 \u00a0 \u00a0<em> \u00a0 Ersin\u00a0AKARSU<\/em><\/p>\n<p>[\/vc_column_text][saturnthemes_industry_icon_button icon_fontawesome=&#8221;fa fa-share&#8221; btn_size=&#8221;btn-normal-size&#8221; link=&#8221;url:http%3A%2F%2Frulekip.com.tr%2Findex.php%2Filetisim%2F|title:%C4%B0leti%C5%9Fim||&#8221;][\/vc_column][\/vc_row][vc_row][vc_column width=&#8221;1\/2&#8243;][vc_custom_heading text=&#8221;Misyonumuz&#8221; font_container=&#8221;tag:h5|text_align:left&#8221; google_fonts=&#8221;font_family:Open%20Sans%3A300%2C300italic%2Cregular%2Citalic%2C600%2C600italic%2C700%2C700italic%2C800%2C800italic|font_style:600%20bold%20regular%3A600%3Anormal&#8221; font_weight=&#8221;400&#8243; text_transform=&#8221;none&#8221; sub_heading_character_color=&#8221;rgba(0,0,0,0.4)&#8221;][vc_column_text]<\/p>\n<div>Konusunda Global de\u011ferler ve e\u011fitime sahip, teknolojiyi ve NSK markas\u0131n\u0131 yan\u0131na alarak,\u00a0sanayi ve otomotiv i\u015fletmeleri ile birlikte gelece\u011fe y\u00fcr\u00fcyen, bilgi birikimini sizlerle payla\u015fan bir kurum olmak i\u00e7in gereken her uygulamay\u0131 yapmak.<\/div>\n<p>[\/vc_column_text][\/vc_column][vc_column width=&#8221;1\/2&#8243;][vc_custom_heading text=&#8221;Vizyonumuz&#8221; font_container=&#8221;tag:h5|text_align:left&#8221; google_fonts=&#8221;font_family:Open%20Sans%3A300%2C300italic%2Cregular%2Citalic%2C600%2C600italic%2C700%2C700italic%2C800%2C800italic|font_style:600%20bold%20regular%3A600%3Anormal&#8221; font_weight=&#8221;400&#8243; text_transform=&#8221;none&#8221; sub_heading_character_color=&#8221;rgba(0,0,0,0.4)&#8221;][vc_column_text]Tedarik\u00e7iniz olmaktan gurur duyulan, sanayi ve otomotiv rulmanlar\u0131 konusunda \u00f6nc\u00fc ve sayg\u0131n bir kurum olmak.[\/vc_column_text][\/vc_column][\/vc_row]<\/p>\n","protected":false},"excerpt":{"rendered":"<p>[vc_row css=&#8221;.vc_custom_1461605744568{margin-bottom: 80px !important;}&#8221;][vc_column width=&#8221;1\/2&#8243;][vc_single_image image=&#8221;1602&#8243; img_size=&#8221;full&#8221; alignment=&#8221;center&#8221; css_animation=&#8221;left-to-right&#8221; css=&#8221;.vc_custom_1491761376251{margin-bottom: 0px !important;}&#8221;][\/vc_column][vc_column width=&#8221;1\/2&#8243;][vc_custom_heading text=&#8221;Hakk\u0131m\u0131zda&#8221; font_container=&#8221;tag:h2|font_size:30px|text_align:left&#8221; use_theme_fonts=&#8221;yes&#8221; font_weight=&#8221;700&#8243; text_transform=&#8221;uppercase&#8221; sub_heading_character_color=&#8221;rgba(0,0,0,0.4)&#8221;][vc_empty_space height=&#8221;10px&#8221;][vc_column_text] Rulekip 2007 \u015fubat ay\u0131n da NSK markas\u0131 ile yola \u00e7\u0131km\u0131\u015f ve\u00a0kalitesi ile birlikte g\u00fcn\u00fcm\u00fcze kadar \u00a0b\u00fcy\u00fcyerek ula\u015fm\u0131\u015ft\u0131r. \u015eirketimiz NSK rulmanlar\u0131n\u0131n yan\u0131 s\u0131ra di\u011fer marka rulmanlar ve b\u00fct\u00fcn aktarma organlar\u0131n\u0131n tedari\u011fini sa\u011flamaktad\u0131r. NSK m\u00fchendislerinin deste\u011fi ile birlikte fabrikalarda rulmanlar ile ya\u015fanan t\u00fcm sorunlar\u0131n\u0131za \u00e7\u00f6z\u00fcm getirebilece\u011fimiz gibi proje deste\u011fi de sa\u011flamaktay\u0131z. Uzun y\u0131llar birlikte ortak \u00e7al\u0131\u015fmak \u00fcmidi ile sayg\u0131lar\u0131m\u0131z\u0131 sunar\u0131z&#8230; \u00a0 \u00a0 \u00a0 \u00a0 \u00a0 \u00a0 \u00a0 \u00a0 \u00a0 \u00a0 \u00a0 \u00a0 \u00a0 \u00a0 \u00a0 \u00a0 \u00a0 \u00a0 \u00a0 \u00a0 \u00a0 \u00a0 \u00a0 \u00a0 \u00a0 \u00a0 \u00a0 \u00a0 \u00a0 \u00a0 \u00a0 \u00a0 \u00a0 \u00a0 \u00a0 \u00a0 \u00a0 \u00a0 \u00a0 \u00a0 \u00a0 \u00a0 \u00a0 \u00a0 \u00a0 \u00a0 \u00a0 \u00a0 \u00a0 \u00a0 \u00a0 \u00a0 \u00a0 Ersin\u00a0AKARSU [\/vc_column_text][saturnthemes_industry_icon_button icon_fontawesome=&#8221;fa fa-share&#8221; btn_size=&#8221;btn-normal-size&#8221; link=&#8221;url:http%3A%2F%2Frulekip.com.tr%2Findex.php%2Filetisim%2F|title:%C4%B0leti%C5%9Fim||&#8221;][\/vc_column][\/vc_row][vc_row][vc_column width=&#8221;1\/2&#8243;][vc_custom_heading text=&#8221;Misyonumuz&#8221; font_container=&#8221;tag:h5|text_align:left&#8221; google_fonts=&#8221;font_family:Open%20Sans%3A300%2C300italic%2Cregular%2Citalic%2C600%2C600italic%2C700%2C700italic%2C800%2C800italic|font_style:600%20bold%20regular%3A600%3Anormal&#8221; font_weight=&#8221;400&#8243; text_transform=&#8221;none&#8221; sub_heading_character_color=&#8221;rgba(0,0,0,0.4)&#8221;][vc_column_text] Konusunda Global de\u011ferler ve e\u011fitime sahip, teknolojiyi ve NSK markas\u0131n\u0131 yan\u0131na alarak,\u00a0sanayi ve otomotiv i\u015fletmeleri ile birlikte gelece\u011fe y\u00fcr\u00fcyen, bilgi birikimini sizlerle payla\u015fan bir kurum olmak i\u00e7in gereken her uygulamay\u0131 yapmak. [\/vc_column_text][\/vc_column][vc_column width=&#8221;1\/2&#8243;][vc_custom_heading text=&#8221;Vizyonumuz&#8221; font_container=&#8221;tag:h5|text_align:left&#8221; google_fonts=&#8221;font_family:Open%20Sans%3A300%2C300italic%2Cregular%2Citalic%2C600%2C600italic%2C700%2C700italic%2C800%2C800italic|font_style:600%20bold%20regular%3A600%3Anormal&#8221; font_weight=&#8221;400&#8243; text_transform=&#8221;none&#8221; sub_heading_character_color=&#8221;rgba(0,0,0,0.4)&#8221;][vc_column_text]Tedarik\u00e7iniz olmaktan gurur duyulan, sanayi ve otomotiv rulmanlar\u0131 konusunda \u00f6nc\u00fc ve sayg\u0131n bir kurum olmak.[\/vc_column_text][\/vc_column][\/vc_row]<\/p>\n","protected":false},"author":5,"featured_media":0,"parent":0,"menu_order":0,"comment_status":"closed","ping_status":"closed","template":"","meta":[],"_links":{"self":[{"href":"https:\/\/rulekip.com.tr\/index.php\/wp-json\/wp\/v2\/pages\/830"}],"collection":[{"href":"https:\/\/rulekip.com.tr\/index.php\/wp-json\/wp\/v2\/pages"}],"about":[{"href":"https:\/\/rulekip.com.tr\/index.php\/wp-json\/wp\/v2\/types\/page"}],"author":[{"embeddable":true,"href":"https:\/\/rulekip.com.tr\/index.php\/wp-json\/wp\/v2\/users\/5"}],"replies":[{"embeddable":true,"href":"https:\/\/rulekip.com.tr\/index.php\/wp-json\/wp\/v2\/comments?post=830"}],"version-history":[{"count":6,"href":"https:\/\/rulekip.com.tr\/index.php\/wp-json\/wp\/v2\/pages\/830\/revisions"}],"predecessor-version":[{"id":1744,"href":"https:\/\/rulekip.com.tr\/index.php\/wp-json\/wp\/v2\/pages\/830\/revisions\/1744"}],"wp:attachment":[{"href":"https:\/\/rulekip.com.tr\/index.php\/wp-json\/wp\/v2\/media?parent=830"}],"curies":[{"name":"wp","href":"https:\/\/api.w.org\/{rel}","templated":true}]}}