{"id":855,"date":"2016-04-25T17:04:56","date_gmt":"2016-04-25T17:04:56","guid":{"rendered":"http:\/\/industry.saturnthemes.com\/?page_id=855"},"modified":"2017-04-09T21:30:24","modified_gmt":"2017-04-09T18:30:24","slug":"iletisim","status":"publish","type":"page","link":"https:\/\/rulekip.com.tr\/index.php\/iletisim\/","title":{"rendered":"\u0130leti\u015fim"},"content":{"rendered":"<p>[vc_row css=&#8221;.vc_custom_1465980984912{border-bottom-width: 1px !important;padding-bottom: 36px !important;border-bottom-color: #eeeeee !important;border-bottom-style: solid !important;}&#8221;][vc_column width=&#8221;1\/2&#8243; offset=&#8221;vc_col-md-4&#8243;][saturnthemes_industry_contact title=&#8221;\u0130LET\u0130\u015e\u0130M DETAYLARI&#8221; address=&#8221;\u0130zmit San. Sit. \/ KOCAEL\u0130&#8221; phone=&#8221;+90 262 335 59 00-01&#8243; email=&#8221;info@rulekip.com.tr&#8221; facebook=&#8221;#&#8221; twitter=&#8221;#&#8221; linkedin=&#8221;#&#8221; skype=&#8221;#&#8221; el_class=&#8221;custom-contact-white&#8221; css=&#8221;.vc_custom_1491588776428{padding-top: 50px !important;padding-right: 30px !important;padding-bottom: 50px !important;padding-left: 30px !important;background-image: url(http:\/\/rulekip.com.tr\/wp-content\/uploads\/2016\/04\/contact-detail-bg.jpg?id=1225) !important;}&#8221;][\/vc_column][vc_column width=&#8221;1\/2&#8243; offset=&#8221;vc_col-md-8&#8243;][saturnthemes_industry_google_map latitude=&#8221;40.746567&#8243; longitude=&#8221;29.948472&#8243; height=&#8221;310px&#8221; map_style=&#8221;custom&#8221; zoom=&#8221;16&#8243; info=&#8221;<br \/>\n&#8220;][\/vc_column][\/vc_row][vc_row css=&#8221;.vc_custom_1465981075635{border-top-width: 1px !important;padding-top: 55px !important;padding-bottom: 60px !important;border-top-color: #eeeeee !important;}&#8221;][vc_column offset=&#8221;vc_col-md-8&#8243;][vc_custom_heading text=&#8221;\u0130leti\u015fim Kurun&#8221; font_container=&#8221;tag:h2|font_size:30px|text_align:left|line_height:1.2&#8243; use_theme_fonts=&#8221;yes&#8221; font_weight=&#8221;700&#8243; text_transform=&#8221;uppercase&#8221; sub_heading_character_color=&#8221;rgba(0,0,0,0.4)&#8221;][vc_column_text]E\u011fer \u00fcr\u00fcn ve hizmetleri hakk\u0131nda sorular\u0131n\u0131z varsa bize \u00a0a\u015fa\u011f\u0131daki formu kullanarak ileti\u015fim kurabilirsiniz. Biz yorum\u00a0ve sorular\u0131n\u0131za 24 saat i\u00e7inde cevap verelim.[\/vc_column_text]\n<div class=\"wpcf7 no-js\" id=\"wpcf7-f83-o1\" lang=\"en-US\" dir=\"ltr\">\n<div class=\"screen-reader-response\"><p role=\"status\" aria-live=\"polite\" aria-atomic=\"true\"><\/p> <ul><\/ul><\/div>\n<form action=\"\/index.php\/wp-json\/wp\/v2\/pages\/855#wpcf7-f83-o1\" method=\"post\" class=\"wpcf7-form init\" aria-label=\"Contact form\" novalidate=\"novalidate\" data-status=\"init\">\n<div style=\"display: none;\">\n<input type=\"hidden\" name=\"_wpcf7\" value=\"83\" \/>\n<input type=\"hidden\" name=\"_wpcf7_version\" value=\"5.7.7\" \/>\n<input type=\"hidden\" name=\"_wpcf7_locale\" value=\"en_US\" \/>\n<input type=\"hidden\" name=\"_wpcf7_unit_tag\" value=\"wpcf7-f83-o1\" \/>\n<input type=\"hidden\" name=\"_wpcf7_container_post\" value=\"0\" \/>\n<input type=\"hidden\" name=\"_wpcf7_posted_data_hash\" value=\"\" \/>\n<\/div>\n<div class=\"row\">\n\t<div class=\"col-sm-6\">\n\t\t<p><br \/>\n<span class=\"wpcf7-form-control-wrap\" data-name=\"your-name\"><input size=\"40\" class=\"wpcf7-form-control wpcf7-text wpcf7-validates-as-required\" aria-required=\"true\" aria-invalid=\"false\" placeholder=\"Ad\u0131n\u0131z (Zorunlu alan)\" value=\"\" type=\"text\" name=\"your-name\" \/><\/span>\n\t\t<\/p>\n\t\t<p><br \/>\n<span class=\"wpcf7-form-control-wrap\" data-name=\"your-email\"><input size=\"40\" class=\"wpcf7-form-control wpcf7-text wpcf7-email wpcf7-validates-as-required wpcf7-validates-as-email\" aria-required=\"true\" aria-invalid=\"false\" placeholder=\"Email Adresiniz (Zorunlu Alan)\" value=\"\" type=\"email\" name=\"your-email\" \/><\/span>\n\t\t<\/p>\n\t\t<p><br \/>\n<span class=\"wpcf7-form-control-wrap\" data-name=\"tel-377\"><input size=\"40\" class=\"wpcf7-form-control wpcf7-text wpcf7-tel wpcf7-validates-as-tel\" aria-invalid=\"false\" placeholder=\"Telefonunuz\" value=\"\" type=\"tel\" name=\"tel-377\" \/><\/span>\n\t\t<\/p>\n\t\t<p><br \/>\n<span class=\"wpcf7-form-control-wrap\" data-name=\"your-subject\"><input size=\"40\" class=\"wpcf7-form-control wpcf7-text\" aria-invalid=\"false\" placeholder=\"Konu\" value=\"\" type=\"text\" name=\"your-subject\" \/><\/span>\n\t\t<\/p>\n\t\t<p><input class=\"wpcf7-form-control has-spinner wpcf7-submit button primary-button\" type=\"submit\" value=\"G\u00f6nder\" \/>\n\t\t<\/p>\n\t<\/div>\n\t<div class=\"col-sm-6\">\n\t\t<p><br \/>\n<span class=\"wpcf7-form-control-wrap\" data-name=\"your-message\"><textarea cols=\"40\" rows=\"10\" class=\"wpcf7-form-control wpcf7-textarea\" aria-invalid=\"false\" placeholder=\"Mesaj\u0131n\u0131z\" name=\"your-message\"><\/textarea><\/span>\n\t\t<\/p>\n\t<\/div>\n<\/div><div class=\"wpcf7-response-output\" aria-hidden=\"true\"><\/div>\n<\/form>\n<\/div>\n[\/vc_column][vc_column width=&#8221;1\/3&#8243; offset=&#8221;vc_hidden-sm vc_hidden-xs&#8221;][vc_gallery type=&#8221;image_grid&#8221; images=&#8221;1143,1145,1140&#8243; img_size=&#8221;full&#8221; onclick=&#8221;&#8221;][\/vc_column][\/vc_row]<\/p>\n","protected":false},"excerpt":{"rendered":"<p>[vc_row css=&#8221;.vc_custom_1465980984912{border-bottom-width: 1px !important;padding-bottom: 36px !important;border-bottom-color: #eeeeee !important;border-bottom-style: solid !important;}&#8221;][vc_column width=&#8221;1\/2&#8243; offset=&#8221;vc_col-md-4&#8243;][saturnthemes_industry_contact title=&#8221;\u0130LET\u0130\u015e\u0130M DETAYLARI&#8221; address=&#8221;\u0130zmit San. Sit. \/ KOCAEL\u0130&#8221; phone=&#8221;+90 262 335 59 00-01&#8243; email=&#8221;info@rulekip.com.tr&#8221; facebook=&#8221;#&#8221; twitter=&#8221;#&#8221; linkedin=&#8221;#&#8221; skype=&#8221;#&#8221; el_class=&#8221;custom-contact-white&#8221; css=&#8221;.vc_custom_1491588776428{padding-top: 50px !important;padding-right: 30px !important;padding-bottom: 50px !important;padding-left: 30px !important;background-image: url(http:\/\/rulekip.com.tr\/wp-content\/uploads\/2016\/04\/contact-detail-bg.jpg?id=1225) !important;}&#8221;][\/vc_column][vc_column width=&#8221;1\/2&#8243; offset=&#8221;vc_col-md-8&#8243;][saturnthemes_industry_google_map latitude=&#8221;40.746567&#8243; longitude=&#8221;29.948472&#8243; height=&#8221;310px&#8221; map_style=&#8221;custom&#8221; zoom=&#8221;16&#8243; info=&#8221; &#8220;][\/vc_column][\/vc_row][vc_row css=&#8221;.vc_custom_1465981075635{border-top-width: 1px !important;padding-top: 55px !important;padding-bottom: 60px !important;border-top-color: #eeeeee !important;}&#8221;][vc_column offset=&#8221;vc_col-md-8&#8243;][vc_custom_heading text=&#8221;\u0130leti\u015fim Kurun&#8221; font_container=&#8221;tag:h2|font_size:30px|text_align:left|line_height:1.2&#8243; use_theme_fonts=&#8221;yes&#8221; font_weight=&#8221;700&#8243; text_transform=&#8221;uppercase&#8221; sub_heading_character_color=&#8221;rgba(0,0,0,0.4)&#8221;][vc_column_text]E\u011fer \u00fcr\u00fcn ve hizmetleri hakk\u0131nda sorular\u0131n\u0131z varsa bize \u00a0a\u015fa\u011f\u0131daki formu kullanarak ileti\u015fim kurabilirsiniz. Biz yorum\u00a0ve sorular\u0131n\u0131za 24 saat i\u00e7inde cevap verelim.[\/vc_column_text][\/vc_column][vc_column width=&#8221;1\/3&#8243; offset=&#8221;vc_hidden-sm vc_hidden-xs&#8221;][vc_gallery type=&#8221;image_grid&#8221; images=&#8221;1143,1145,1140&#8243; img_size=&#8221;full&#8221; onclick=&#8221;&#8221;][\/vc_column][\/vc_row]<\/p>\n","protected":false},"author":5,"featured_media":0,"parent":0,"menu_order":0,"comment_status":"closed","ping_status":"closed","template":"","meta":[],"_links":{"self":[{"href":"https:\/\/rulekip.com.tr\/index.php\/wp-json\/wp\/v2\/pages\/855"}],"collection":[{"href":"https:\/\/rulekip.com.tr\/index.php\/wp-json\/wp\/v2\/pages"}],"about":[{"href":"https:\/\/rulekip.com.tr\/index.php\/wp-json\/wp\/v2\/types\/page"}],"author":[{"embeddable":true,"href":"https:\/\/rulekip.com.tr\/index.php\/wp-json\/wp\/v2\/users\/5"}],"replies":[{"embeddable":true,"href":"https:\/\/rulekip.com.tr\/index.php\/wp-json\/wp\/v2\/comments?post=855"}],"version-history":[{"count":6,"href":"https:\/\/rulekip.com.tr\/index.php\/wp-json\/wp\/v2\/pages\/855\/revisions"}],"predecessor-version":[{"id":1757,"href":"https:\/\/rulekip.com.tr\/index.php\/wp-json\/wp\/v2\/pages\/855\/revisions\/1757"}],"wp:attachment":[{"href":"https:\/\/rulekip.com.tr\/index.php\/wp-json\/wp\/v2\/media?parent=855"}],"curies":[{"name":"wp","href":"https:\/\/api.w.org\/{rel}","templated":true}]}}